{"id":6880,"date":"2017-04-21T14:32:54","date_gmt":"2017-04-21T14:32:54","guid":{"rendered":"http:\/\/mediclinic.mikado-themes.com\/?page_id=6880"},"modified":"2025-04-04T09:43:18","modified_gmt":"2025-04-04T09:43:18","slug":"disturbios-do-sono","status":"publish","type":"page","link":"https:\/\/sonocuritiba.com.br\/site\/disturbios-do-sono\/","title":{"rendered":"DIST\u00daRBIOS DO SONO"},"content":{"rendered":"<p>[vc_row row_content_width=&#8221;grid&#8221; content_text_aligment=&#8221;center&#8221; css=&#8221;.vc_custom_1525357708602{padding-top: 105px !important;}&#8221;][vc_column]<div class=\"mkdf-elements-holder mkdf-one-column mkdf-responsive-mode-768\" ><div class=\"mkdf-eh-item \"  data-item-class=\"mkdf-eh-custom-796777\" data-1280-1600=\"0px 20% 77px\" data-1024-1280=\"0px 20% 77px\" data-768-1024=\"0px 8% 77px\" data-600-768=\"0px 0% 45px\" data-480-600=\"0px 0% 60px\" data-480=\"0px 0% 60px\">\n\t<div class=\"mkdf-eh-item-inner\">\n\t\t<div class=\"mkdf-eh-item-content mkdf-eh-custom-796777\" style=\"padding: 0px 20% 77px\">\n\t\t\t<div class=\"mkdf-section-title-holder mkdf-st-standard mkdf-st-title-left mkdf-st-normal-space \" >\n\t<div class=\"mkdf-st-inner\">\n\t\t\t\t\t<h2 class=\"mkdf-st-title\" >\n\t\t\t\tConhe\u00e7a os Dist\u00farbios do Sono\t\t\t<\/h2>\n\t\t\t\t\t\t\t<h5 class=\"mkdf-st-text\" >\n\t\t\t\tFique atento: um problema cr\u00f4nico de sono manifesta-se principalmente pela sonol\u00eancia diurna exagerada. Com ela, v\u00eam as altera\u00e7\u00f5es de humor e de mem\u00f3ria e das capacidades mentais, como aprendizado, racioc\u00ednio e pensamento.\t\t\t<\/h5>\n\t\t\t<\/div>\n<\/div>\t\t<\/div>\n\t<\/div>\n<\/div><\/div>[\/vc_column][\/vc_row][vc_row row_content_width=&#8221;grid&#8221; content_width=&#8221;grid&#8221; css=&#8221;.vc_custom_1525374596900{padding-top: 20px !important;padding-bottom: 10px !important;}&#8221;][vc_column]<div class=\"mkdf-elements-holder mkdf-one-column mkdf-responsive-mode-768\" ><div class=\"mkdf-eh-item \"  data-item-class=\"mkdf-eh-custom-111442\" data-768-1024=\"0px 15% 0px 0px\">\n\t<div class=\"mkdf-eh-item-inner\">\n\t\t<div class=\"mkdf-eh-item-content mkdf-eh-custom-111442\" >\n\t\t\t[vc_row_inner][vc_column_inner offset=&#8221;vc_col-lg-4&#8243;][vc_column_text]<\/p>\n<h5 class=\"mkdf-iwt-title\"><span class=\"mkdf-iwt-title-text\">Bruxismo (Ranger de Dentes)<\/span><\/h5>\n<p>Neste dist\u00farbio h\u00e1 um contato firme e fric\u00e7\u00e3o das arcadas dent\u00e1rias, pode ocorrer tamb\u00e9m durante o dia, as vezes pode causar dores de cabe\u00e7a, dificuldades para engolir e falar, sonol\u00eancia diurna e ins\u00f4nia \u00e0 noite. Este problema surge em qualquer idade, sendo mais comum na inf\u00e2ncia e na adolesc\u00eancia.[\/vc_column_text][vc_empty_space height=&#8221;50px&#8221;][\/vc_column_inner][vc_column_inner offset=&#8221;vc_col-lg-4&#8243;][vc_column_text]<\/p>\n<h5 class=\"mkdf-iwt-title\"><span class=\"mkdf-iwt-title-text\">Enurese Noturna<\/span><\/h5>\n<p>Urinar na cama ap\u00f3s os tr\u00eas anos de idade \u00e9 chamado de enurese. Pode ser causada por problemas f\u00edsicos (neurol\u00f3gicos, hormonais, genitais), psicol\u00f3gicos (nascimento de um irm\u00e3ozinho, v\u00e9spera de prova escolar, competi\u00e7\u00f5es, encena\u00e7\u00f5es) e gen\u00e9ticos. O tratamento \u00e9 baseado no tipo de enurese e na sua causa.[\/vc_column_text][vc_empty_space height=&#8221;50px&#8221;][\/vc_column_inner][vc_column_inner offset=&#8221;vc_col-lg-4&#8243;][vc_column_text]<\/p>\n<h5 class=\"mkdf-iwt-title\"><span class=\"mkdf-iwt-title-text\">Ins\u00f4nia<\/span><\/h5>\n<p>Ins\u00f4nia \u00e9 a diminui\u00e7\u00e3o total ou parcial da quantidade de horas de sono ou da sua qualidade durante a noite. Ela pode levar \u00e0 sonol\u00eancia diurna, prejudicar o rendimento no trabalho e na escola, causar acidentes de trabalho e de tr\u00e2nsito ou afetar o humor e os relacionamentos.[\/vc_column_text][vc_empty_space height=&#8221;50px&#8221;][\/vc_column_inner][\/vc_row_inner][vc_row_inner][vc_column_inner offset=&#8221;vc_col-lg-4&#8243;][vc_column_text]<\/p>\n<h5 class=\"mkdf-iwt-title\"><span class=\"mkdf-iwt-title-text\">Pesadelo<\/span><\/h5>\n<p>\u00c9 o sonho com medo e ansiedade. O paciente lembra-se de forma detalhada quando acorda. Muitas vezes durante o pesadelo o paciente se debate, se agita e tem um sono tumultuado. Quando esse dist\u00farbio atinge uma crian\u00e7a, ela pode sentir medo de dormir e o quadro pode evoluir para ins\u00f4nia.<\/p>\n<p>[\/vc_column_text][vc_empty_space height=&#8221;50px&#8221;][\/vc_column_inner][vc_column_inner offset=&#8221;vc_col-lg-4&#8243;][vc_column_text]<\/p>\n<h5 class=\"mkdf-iwt-title\"><span class=\"mkdf-iwt-title-text\">S\u00edndrome da Apneia Obstrutiva <\/span><\/h5>\n<p>A S\u00edndrome da Apneia Obstrutiva do Sono (SAOS) \u00e9 caracterizada por epis\u00f3dios repetidos de apneias durante o sono, causando complica\u00e7\u00f5es s\u00e9rias e amea\u00e7adoras de vida, tais como hipertens\u00e3o pulmonar, hipertens\u00e3o arterial, arritmias, fal\u00eancia card\u00edaca direta e dano cerebral.[\/vc_column_text][vc_empty_space height=&#8221;50px&#8221;][\/vc_column_inner][vc_column_inner offset=&#8221;vc_col-lg-4&#8243;][vc_column_text]<\/p>\n<h5 class=\"mkdf-iwt-title\"><span class=\"mkdf-iwt-title-text\">S\u00edndrome das Pernas Inquietas<\/span><\/h5>\n<p>\u00c9 caracterizada por sensa\u00e7\u00e3o de cansa\u00e7o e peso nas pernas, que gera desconforto e faz com que o paciente sinta a necessidade de mover constantemente as pernas. Os sintomas pioram durante o repouso e se aliviam com as atividades motoras. Esse dist\u00farbio pode se apresentar em qualquer idade.[\/vc_column_text][vc_empty_space height=&#8221;50px&#8221;][\/vc_column_inner][\/vc_row_inner][vc_row_inner][vc_column_inner offset=&#8221;vc_col-lg-4&#8243;][vc_column_text]<\/p>\n<h5 class=\"mkdf-iwt-title\"><span class=\"mkdf-iwt-title-text\">Sonambulismo<\/span><\/h5>\n<p>Nesse dist\u00farbio o paciente come\u00e7a a se mexer durante o sono, senta-se de repente na cama, movimenta-se, levanta-se e sai andando ainda dormindo. Isso pode durar menos de um minuto a mais de meia hora. O dist\u00farbio \u00e9 mais comum em crian\u00e7as e do sexo masculino e com rela\u00e7\u00e3o de hist\u00f3ria familiar da doen\u00e7a, cerca de 20% das crian\u00e7as com 8 anos de idade podem ter epis\u00f3dios anuais de sonambulismo, por\u00e9m quando estes epis\u00f3dios forem frequentes deve-se procurar um especialista em sono.[\/vc_column_text][vc_empty_space height=&#8221;50px&#8221;][\/vc_column_inner][vc_column_inner offset=&#8221;vc_col-lg-4&#8243;][vc_column_text]<\/p>\n<h5 class=\"mkdf-iwt-title\"><span class=\"mkdf-iwt-title-text\">Sonil\u00f3quio (Falar Dormindo) <\/span><\/h5>\n<p>O paciente emite sons incompreens\u00edveis, ou palavras isoladas, frases incoerentes e sem l\u00f3gica, ou muitas vezes frases claras, e n\u00e3o se lembra de nada no dia seguinte. Dura em geral menos de um minuto e, quando ocorre com freq\u00fc\u00eancia deve-se procurar tratamento especializado.[\/vc_column_text][vc_empty_space height=&#8221;50px&#8221;][\/vc_column_inner][vc_column_inner offset=&#8221;vc_col-lg-4&#8243;][vc_column_text]<\/p>\n<h5 class=\"mkdf-iwt-title\"><span class=\"mkdf-iwt-title-text\">Sonol\u00eancia Excessiva Diurna<\/span><\/h5>\n<p>A sonol\u00eancia excessiva pode ser causada n\u00e3o s\u00f3 por uma noite mal dormida, mas tamb\u00e9m por problemas como depress\u00e3o (tristeza profunda, des\u00e2nimo, nervosismo), s\u00edndrome da apneia do sono (parar de respirar no sono), narcolepsia (crises incontrol\u00e1veis de sono em qualquer lugar, dirigindo, comendo, ouvindo, etc). A sonol\u00eancia diurna pode prejudicar a aten\u00e7\u00e3o, a concentra\u00e7\u00e3o, o humor e at\u00e9 os relacionamentos familiares.[\/vc_column_text][vc_empty_space height=&#8221;50px&#8221;][\/vc_column_inner][\/vc_row_inner][vc_row_inner][vc_column_inner offset=&#8221;vc_col-lg-4&#8243;][vc_column_text]<\/p>\n<h5 class=\"mkdf-iwt-title\"><span class=\"mkdf-iwt-title-text\">Terror Noturno<\/span><\/h5>\n<p>O paciente que dormia tranquilamente senta-se de forma abrupta na cama e grita intensamente; pode falar, suspirar, gemer ou chorar, ficando ansioso ou em p\u00e2nico (terror), olhos arregalados, transpirando muito, com o cora\u00e7\u00e3o e a respira\u00e7\u00e3o acelerados, leva de 5 a 10 minutos at\u00e9 o despertar completo. Em seguida, n\u00e3o se lembra de nada, voltando a dormir calmamente. O tratamento \u00e9 recomendado quando a frequ\u00eancia \u00e9 alta e os epis\u00f3dios, duradouros.[\/vc_column_text][vc_empty_space height=&#8221;50px&#8221;][\/vc_column_inner][vc_column_inner offset=&#8221;vc_col-lg-4&#8243;][vc_column_text]<\/p>\n<h5 class=\"mkdf-iwt-title\"><span class=\"mkdf-iwt-title-text\">Diagn\u00f3stico e Tratamento<\/span><\/h5>\n<p>Os diagn\u00f3sticos dos dist\u00farbios do sono s\u00e3o obtidos atrav\u00e9s do exame de polissonografia. Esse procedimento \u00e9 realizado no laborat\u00f3rio do sono durante a noite (sua dura\u00e7\u00e3o \u00e9 de cerca de oito horas). Durante o exame, o paciente \u00e9 devidamente monitorado e acompanhado por um t\u00e9cnico.<\/p>\n<p>Os tratamentos variam de acordo com o resultado do exame. Em geral, o m\u00e9dico optar\u00e1 por um ou mais dos seguintes procedimentos, que ser\u00e3o devidamente acompanhados durante toda a sua dura\u00e7\u00e3o:<\/p>\n<p>\u2022 Tratamentos com aparelhos respirat\u00f3rios (CPAP);<br \/>\n\u2022 Tratamento com pr\u00f3tese intraoral (aparelhos dent\u00e1rios espec\u00edficos para ronco);<br \/>\n\u2022 Tratamento cir\u00fargico;<br \/>\n\u2022 Tratamento medicamentoso.[\/vc_column_text][vc_empty_space height=&#8221;50px&#8221;][\/vc_column_inner][vc_column_inner offset=&#8221;vc_col-lg-4&#8243;][vc_empty_space height=&#8221;50px&#8221;][\/vc_column_inner][\/vc_row_inner]\t\t<\/div>\n\t<\/div>\n<\/div><\/div>[\/vc_column][\/vc_row][vc_row row_content_width=&#8221;grid&#8221; content_text_aligment=&#8221;center&#8221; css=&#8221;.vc_custom_1525295081721{padding-top: 37px !important;}&#8221; simple_background_color=&#8221;#f5c222&#8243;][vc_column]<div class=\"mkdf-call-to-action-holder  mkdf-normal-layout mkdf-content-in-grid mkdf-three-quarters-columns\">\n\t<div class=\"mkdf-cta-inner  mkdf-grid\">\n\t\t<div class=\"mkdf-cta-text-holder\">\n\t\t\t<div class=\"mkdf-cta-text\">\n<h4 style=\"text-align: left;\"><span style=\"color: #1d386e; font-size: 18px; line-height: 22px; font: Nunito, sans;\">Se voc\u00ea se identificou com os sintomas apresentados, procure nossa Cl\u00ednica e conhe\u00e7a os tratamentos que oferecemos para melhorar sua qualidade de vida.<\/span><\/h4>\n<\/div>\n\t\t<\/div>\n\t\t<div class=\"mkdf-cta-button-holder\" >\n\t\t\t\t\t\t<div class=\"mkdf-cta-button\"><a itemprop=\"url\" href=\"http:\/\/sonocuritiba.com.br\/site\/contato\/\" target=\"_self\"  class=\"mkdf-btn mkdf-btn-medium mkdf-btn-solid mkdf-btn-solid-light mkdf-btn-icon\"  >    <span class=\"mkdf-btn-text\">CONTATO<\/span>    <span class=\"mkdf-btn-icon-holder\">        <span class=\"mkdf-btn-icon-normal\" ><i class=\"mkdf-icon-ion-icon ion-chevron-right \" ><\/i><\/span>        <span class=\"mkdf-btn-icon-flip\" ><i class=\"mkdf-icon-ion-icon ion-chevron-right \" ><\/i><\/span>    <\/span><\/a><\/div>\n\t\t<\/div>\n\t<\/div>\n<\/div>[\/vc_column][\/vc_row]<\/p>\n","protected":false},"excerpt":{"rendered":"<p>[vc_row row_content_width=&#8221;grid&#8221; content_text_aligment=&#8221;center&#8221; css=&#8221;.vc_custom_1525357708602{padding-top: 105px !important;}&#8221;][vc_column][\/vc_column][\/vc_row][vc_row row_content_width=&#8221;grid&#8221; content_width=&#8221;grid&#8221; css=&#8221;.vc_custom_1525374596900{padding-top: 20px !important;padding-bottom: 10px !important;}&#8221;][vc_column][\/vc_column][\/vc_row][vc_row row_content_width=&#8221;grid&#8221; content_text_aligment=&#8221;center&#8221; css=&#8221;.vc_custom_1525295081721{padding-top: 37px !important;}&#8221; simple_background_color=&#8221;#f5c222&#8243;][vc_column][\/vc_column][\/vc_row]<\/p>\n","protected":false},"author":1,"featured_media":0,"parent":0,"menu_order":0,"comment_status":"closed","ping_status":"closed","template":"full-width.php","meta":{"_joinchat":[],"footnotes":""},"class_list":["post-6880","page","type-page","status-publish","hentry"],"_links":{"self":[{"href":"https:\/\/sonocuritiba.com.br\/site\/wp-json\/wp\/v2\/pages\/6880","targetHints":{"allow":["GET"]}}],"collection":[{"href":"https:\/\/sonocuritiba.com.br\/site\/wp-json\/wp\/v2\/pages"}],"about":[{"href":"https:\/\/sonocuritiba.com.br\/site\/wp-json\/wp\/v2\/types\/page"}],"author":[{"embeddable":true,"href":"https:\/\/sonocuritiba.com.br\/site\/wp-json\/wp\/v2\/users\/1"}],"replies":[{"embeddable":true,"href":"https:\/\/sonocuritiba.com.br\/site\/wp-json\/wp\/v2\/comments?post=6880"}],"version-history":[{"count":11,"href":"https:\/\/sonocuritiba.com.br\/site\/wp-json\/wp\/v2\/pages\/6880\/revisions"}],"predecessor-version":[{"id":9667,"href":"https:\/\/sonocuritiba.com.br\/site\/wp-json\/wp\/v2\/pages\/6880\/revisions\/9667"}],"wp:attachment":[{"href":"https:\/\/sonocuritiba.com.br\/site\/wp-json\/wp\/v2\/media?parent=6880"}],"curies":[{"name":"wp","href":"https:\/\/api.w.org\/{rel}","templated":true}]}}